{"id":504,"date":"2023-09-26T10:42:13","date_gmt":"2023-09-26T08:42:13","guid":{"rendered":"https:\/\/test.ausbildung-tuebingen.de\/?page_id=504"},"modified":"2023-09-26T10:48:06","modified_gmt":"2023-09-26T08:48:06","slug":"test","status":"publish","type":"page","link":"https:\/\/test.ausbildung-tuebingen.de\/?page_id=504","title":{"rendered":"TEST"},"content":{"rendered":"\n<p class=\"has-black-color has-text-color\"><strong>Historie<\/strong><\/p>\n\n\n\n<p class=\"has-black-color has-text-color\">1949 wurde unsere Firma durch Gerhard R\u00f6sch in B\u00fchl gegr\u00fcndet. Begonnen wurde die Erfolgslaufbahn mit der Produktion von Herrenhemden. Mitte der 50er Jahre wurde das heutige Stammwerk in T\u00fcbingen gegr\u00fcndet. Heute ist R\u00d6SCH weltweit vertreten und ist Inbegriff f\u00fcr qualitativ hochwertige Nachtw\u00e4sche mit Stil. Hochwertige Bade- und Strandmode komplettiert die R\u00d6SCH-Welt.<\/p>\n\n\n\n<p class=\"has-text-align-left has-black-color has-text-color\">R\u00d6SCH begleitet die Kundin durch den Tag und die Nacht Seminar1962 wird die R\u00f6kona Textilwerk GmbH &amp; Co. KG ebenfalls vom Textilingenieur Gerhard R\u00f6sch in T\u00fcbingen gegr\u00fcndet und fungiert als Stoff- und<\/p>\n\n\n\n<p class=\"has-text-align-left has-black-color has-text-color\">Entwicklungslieferant f\u00fcr den Mutterkonzern im W\u00e4sche-Segment. Bereits nach k\u00fcrzester Zeit expandiert R\u00f6kona mit neuen Wirkmaschinen und beliefert erste Kunden aus dem Automobilsektor. Ab 1971 konzentriert sich R\u00f6kona fortan auf den technischen Textil-Sektor. 1995 etabliert R\u00f6kona eine zweite Produktionsst\u00e4tte in T\u00fcbingen. Auf den 6.000 qm wird fortan die Wirkerei untergebracht. Im Jahr 2004 gr\u00fcndet R\u00f6kona ein Joint-Venture in Ningbo\/China zur Belieferung des chinesischen Marktes. Im Jahr 2012 er\u00f6ffnet das R\u00f6kona Sales-Offices Far East in Shanghai. Im selben Jahr investiert R\u00f6kona in eine vollautomatische Warenschau am Standort T\u00fcbingen. R\u00d6KONA arbeitet bis heute nach dem Motto Faszination Textil. Jeden Tag aufs Neue.<\/p>\n\n\n","protected":false},"excerpt":{"rendered":"<p>Historie 1949 wurde unsere Firma durch Gerhard R\u00f6sch in B\u00fchl gegr\u00fcndet. Begonnen wurde die Erfolgslaufbahn mit der Produktion von Herrenhemden. Mitte der 50er Jahre wurde das heutige Stammwerk in T\u00fcbingen gegr\u00fcndet. Heute ist R\u00d6SCH weltweit vertreten und ist Inbegriff f\u00fcr qualitativ hochwertige Nachtw\u00e4sche mit Stil. Hochwertige Bade- und Strandmode komplettiert die R\u00d6SCH-Welt. R\u00d6SCH begleitet die&hellip; <br \/> <a class=\"read-more\" href=\"https:\/\/test.ausbildung-tuebingen.de\/?page_id=504\">Weiterlesen<\/a><\/p>\n","protected":false},"author":3,"featured_media":0,"parent":0,"menu_order":0,"comment_status":"closed","ping_status":"closed","template":"","meta":{"footnotes":""},"class_list":["post-504","page","type-page","status-publish","hentry"],"_links":{"self":[{"href":"https:\/\/test.ausbildung-tuebingen.de\/index.php?rest_route=\/wp\/v2\/pages\/504","targetHints":{"allow":["GET"]}}],"collection":[{"href":"https:\/\/test.ausbildung-tuebingen.de\/index.php?rest_route=\/wp\/v2\/pages"}],"about":[{"href":"https:\/\/test.ausbildung-tuebingen.de\/index.php?rest_route=\/wp\/v2\/types\/page"}],"author":[{"embeddable":true,"href":"https:\/\/test.ausbildung-tuebingen.de\/index.php?rest_route=\/wp\/v2\/users\/3"}],"replies":[{"embeddable":true,"href":"https:\/\/test.ausbildung-tuebingen.de\/index.php?rest_route=%2Fwp%2Fv2%2Fcomments&post=504"}],"version-history":[{"count":9,"href":"https:\/\/test.ausbildung-tuebingen.de\/index.php?rest_route=\/wp\/v2\/pages\/504\/revisions"}],"predecessor-version":[{"id":517,"href":"https:\/\/test.ausbildung-tuebingen.de\/index.php?rest_route=\/wp\/v2\/pages\/504\/revisions\/517"}],"wp:attachment":[{"href":"https:\/\/test.ausbildung-tuebingen.de\/index.php?rest_route=%2Fwp%2Fv2%2Fmedia&parent=504"}],"curies":[{"name":"wp","href":"https:\/\/api.w.org\/{rel}","templated":true}]}}