{"id":41,"date":"2023-06-01T09:08:54","date_gmt":"2023-06-01T07:08:54","guid":{"rendered":"https:\/\/test.ausbildung-tuebingen.de\/?page_id=41"},"modified":"2023-09-26T12:14:46","modified_gmt":"2023-09-26T10:14:46","slug":"karriere","status":"publish","type":"page","link":"https:\/\/test.ausbildung-tuebingen.de\/?page_id=41","title":{"rendered":"Karriere"},"content":{"rendered":"\n<ol class=\"wp-block-list\" type=\"1\" start=\"1\">\n<li>Industriekaufleute<\/li>\n\n\n\n<li>Kaufleute f\u00fcr Digitalisierungsmanagement<\/li>\n\n\n\n<li>Praktikanten<\/li>\n\n\n\n<li>Produktionsmechaniker<\/li>\n\n\n\n<li>Produktveredler<\/li>\n\n\n\n<li>Facharbeiter Lagerlogistik<\/li>\n\n\n\n<li>Maschinen-und Anlagenf\u00fchrer<\/li>\n\n\n\n<li>Werkstudenten<\/li>\n<\/ol>\n\n\n\n<p><strong>1. Industriekaufleute<\/strong><\/p>\n\n\n\n<p>Die Industriekaufleute befassen sich im Unternehmen mit ann\u00e4hernd allen Bereichen. Hierzu z\u00e4hlen unter anderem die Abteilungen Einkauf, Verkauf, Buchhaltung und das Personalwesen. Des Weiteren ist man bei der Gerhard R\u00f6sch GmbH, unabh\u00e4ngig von den speziellen kaufm\u00e4nnischen Abteilungen, auch in anderen Abteilungen gefordert.<\/p>\n\n\n\n<p>Deine Aufgaben:<\/p>\n\n\n\n<ul class=\"wp-block-list\">\n<li>Steuerung betriebswirtschaftlicher Abl\u00e4ufe<\/li>\n\n\n\n<li>Vergleich und Erstellung von Angeboten sowie Schriftverkehr mit Kunden<\/li>\n\n\n\n<li>Verhandlungen mit Lieferanten und Kunden<\/li>\n\n\n\n<li>Bearbeitung, Verbuchung und Kontrolle aller im Gesch\u00e4ftsverkehr anfallenden Vorg\u00e4nge<\/li>\n\n\n\n<li>Mitwirkung bei der Ermittlung des Personalbedarfs, dessen Beschaffung und Auswahl sowie bei der Personaleinsatzplanung<\/li>\n\n\n\n<li>Mitarbeit bei der Entwicklung zielgerichteter Marketingstrategien<\/li>\n\n\n\n<li>Durchf\u00fchrung von Preiskalkulationen<\/li>\n\n\n\n<li>Materialbeschaffung und Kontrolle<\/li>\n\n\n\n<li>Durchf\u00fchrung von Ersatzteil-Inventuren<\/li>\n\n\n\n<li>Du passt zu uns, wenn du<\/li>\n<\/ul>\n\n\n\n<ul class=\"wp-block-list\">\n<li>einen guter Realschulabschluss hast<\/li>\n\n\n\n<li>Spa\u00df am Umgang mit Menschen und Zahlen hast<\/li>\n\n\n\n<li>durch eine strukturierte und ergebnisorientierte Arbeitsweise, Verantwortungsbewusstsein, Belastbarkeit und Teamf\u00e4higkeit \u00fcberzeugst<\/li>\n\n\n\n<li>Kenntnisse in der Datenverarbeitung (MS\/Open Office) hast<\/li>\n\n\n\n<li>Spa\u00df an den Fremdsprachen Englisch<\/li>\n<\/ul>\n\n\n\n<p>Ausbildungsbeginn: 01.Sep.<br>Ausbildungsdauer: &nbsp; &nbsp; 3 Jahre<br>Berufsschule: &nbsp; &nbsp; &nbsp; &nbsp; &nbsp; &nbsp; T\u00fcbingen<\/p>\n\n\n\n<p><strong>2. Kaufleute f\u00fcr Digitalisierungsmanagement<\/strong><\/p>\n\n\n\n<p>Die Kaufleute f\u00fcr Digitalisierungsmanagement bei der Gerhard R\u00f6sch GmbH analysieren und beheben Problem- und Aufgabenstellungen, welche innerhalb eines Unternehmens durch den Einsatz von IT-Systemen gel\u00f6st werden sollen. Unsere EDV-Abteilung ist f\u00fcr ca. 250 PCs und 15 Servern in T\u00fcbingen verantwortlich. Hierf\u00fcr ermitteln sie den Bedarf, beschaffen die n\u00f6tige Hard- und Software und sorgen f\u00fcr deren reibungslose Einf\u00fchrung in die bestehende Infrastruktur. Sie beraten und unterst\u00fctzen die einzelnen Anwender-gruppen und sind Ansprechpartner gegen\u00fcber Herstellern und Anbietern von IT-Sytemen. Des Weiteren \u00fcbernehmen sie Projektarbeiten hinsichtlich Themen wie Intranet und Webpr\u00e4senz und pflegen Auftritte wie diesen.<br><br>Die Aufgaben im \u00dcberblick:<\/p>\n\n\n\n<ul class=\"wp-block-list\">\n<li>IT-Systeme beschaffen, in Betrieb nehmen, verwalten und administrieren<\/li>\n\n\n\n<li>Mitarbeiter beim Einsatz von IT-Systemen beraten und schulen<\/li>\n\n\n\n<li>Hard- und Softwarefehler von Bedienungsfeldern analysieren und beheben<\/li>\n\n\n\n<li>Gesch\u00e4ftsprozesse analysieren und optimieren<\/li>\n<\/ul>\n\n\n\n<p>Die Gerhard R\u00f6sch GmbH setzt auf einen starken Teamgeist, Eigeninitiative und Spa\u00df an der Aufgabe. Folgendes solltest Du au\u00dferdem mitbringen:<\/p>\n\n\n\n<ul class=\"wp-block-list\">\n<li>Abitur oder Fachhochschulreife<\/li>\n\n\n\n<li>Geduld und Freundlichkeit im Umgang mit Menschen<\/li>\n\n\n\n<li>Flexibilit\u00e4t und Ausdauer<\/li>\n\n\n\n<li>Verantwortungsbewusstsein<\/li>\n\n\n\n<li>Vertraulichkeit und Selbst\u00e4ndigkeit<\/li>\n<\/ul>\n\n\n\n<p>Ausbildungsdauer: 3 Jahre (Verk\u00fcrzung auf 2,5 Jahre m\u00f6glich)<br>Berufsschule: Derendingen<\/p>\n\n\n\n<p><strong>3. Praktikanten<\/strong><\/p>\n\n\n\n<p>Die Gerhard R\u00f6sch GmbH bietet jungen und engagierten Personen jederzeit die M\u00f6glichkeit ein individuell abgestimmtes Praktikum in den verschiedensten Bereichen zu absolvieren. Ob Schulpraktikum, Studienvorbereitung oder einfache Schnuppertage \u0096 wir bieten f\u00fcr jeden Zweck die richtige Stelle. Unser Angebot umfasst Bereiche in Design &amp; Schnitt, Marketing &amp; Vertrieb, Informationstechnik, Personal, Produktion, Schlosserei und Labor. Deine aktuelle Schulbildung ist f\u00fcr uns zweitrangig. Wir interessieren uns in erster Linie f\u00fcr dich als Mensch, mit deiner Geschichte. Deshalb behandeln wir alle Anfragen und Bewerbungen gleicherma\u00dfen sorgf\u00e4ltig, ganz egal von welcher Schule oder Hochschule du kommst \u2013 wir freuen uns auf deine Bewerbung.<br>Die Aufgaben im \u00dcberblick:<\/p>\n\n\n\n<ul class=\"wp-block-list\">\n<li>Unterst\u00fctzung der Abteilung im Tagesgesch\u00e4ft<\/li>\n\n\n\n<li>Einblicke in verschiedene Produktionsabl\u00e4ufe<\/li>\n<\/ul>\n\n\n\n<p>Die Gerhard R\u00f6sch GmbH setzt auf einen starken Teamgeist, Eigeninitiative und Spa\u00df an der Aufgabe. Folgendes solltest Du au\u00dferdem mitbringen:<\/p>\n\n\n\n<ul class=\"wp-block-list\">\n<li>Spa\u00df an Mode bzw. Textilien<\/li>\n\n\n\n<li>Engagement und Eigeninitiative<\/li>\n\n\n\n<li>Leistungswille<\/li>\n\n\n\n<li>Verantwortungsbewusstsein<\/li>\n\n\n\n<li>Sicherer Umgang mit MS\/Open Office<\/li>\n\n\n\n<li>Entsprechend der Abteilung Fremdsprachenkenntnisse (Export, Vertrieb)<\/li>\n<\/ul>\n\n\n\n<p><strong>4. Produktionsmechaniker<\/strong><\/p>\n\n\n\n<p>Die Produktionsmechaniker haben einen breit gef\u00e4cherten Aufgabenbereich in unserer Wirkerei. Hier \u00fcbernehmen sie nahezu alle ihnen \u00fcbertragenen Aufgaben. Dies kann vom Stoffzuschnitt bis hin zum Einlagern der bereits produzierten Rohware gehen.<br>Ihre Hauptaufgabe besteht allerdings darin, mithilfe unserer Wirkmaschinen, aus tausenden von Garnf\u00e4den eine zusammenh\u00e4ngende textile Fl\u00e4che herzustellen. Dazu m\u00fcssen die Maschinen richtig eingestellt, die Garne auf die Fertigung vorbereitet und in die Maschine eingezogen werden. Dabei schwankt die Anzahl der F\u00e4den zwischen 2000 und 4000 St\u00fcck, abh\u00e4ngig von Struktur, St\u00e4rke und Beschaffenheit der zu produzierenden textilen Fl\u00e4che.<br>Um einen reibungslosen Arbeitsablauf gew\u00e4hrleisten zu k\u00f6nnen, m\u00fcssen die Maschinen auch mit einfachen Instandhaltungsarbeiten gewartet und repariert werden. Somit kann der Produktionsmechaniker alle Arbeiter (wie z.B. den Stoffschneider oder den Wirker) in einer Wirkerei erfolgreich vertreten.<\/p>\n\n\n\n<p><br>Die Aufgaben im \u00dcberblick:<\/p>\n\n\n\n<ul class=\"wp-block-list\">\n<li>Best\u00fccken und vorbereiten der Garne auf die Wirkmaschinen<\/li>\n\n\n\n<li>Kettenglieder bzw. Musterscheiben zusammensetzen und auf die Mustertrommel legen<\/li>\n\n\n\n<li>Fadenspannung \u00fcberpr\u00fcfen und messen<\/li>\n\n\n\n<li>Produktionsauftr\u00e4ge selbst\u00e4ndig ausf\u00fchren<\/li>\n\n\n\n<li>Wirkmaschinen nach Anweisung einrichten und einstellen (Stammdatenblatt = Legung, Material, Maschendichte, Einlauf, Einzug, Arbeitsbreite, Feinheit, Drehzahl, Rohbreite, Menge)<\/li>\n\n\n\n<li>Analysieren der hergestellten textilen Fl\u00e4chen (Maschenreihen, Maschenst\u00e4bchen, Anordnung der Maschenk\u00f6pfe, Materialtyp, Legung, Fl\u00e4chengewicht)<\/li>\n<\/ul>\n\n\n\n<p>Das solltest Du au\u00dferdem mitbringen:<\/p>\n\n\n\n<ul class=\"wp-block-list\">\n<li>Mind. einen guten Hauptschulabschluss<\/li>\n\n\n\n<li>Interesse an technischen Arbeiten<\/li>\n\n\n\n<li>Genauigkeit und Sorgfalt<\/li>\n\n\n\n<li>Flexibilit\u00e4t und Ausdauer<\/li>\n\n\n\n<li>Freundlichkeit und Verantwortungsbewusstsein<\/li>\n<\/ul>\n\n\n\n<p>Ausbildungsbeginn: 01.Sep.<br>Ausbildungsdauer: &nbsp; &nbsp; 3 Jahre<br>Berufsschule: &nbsp; &nbsp; &nbsp; &nbsp; &nbsp; &nbsp; Balingen<\/p>\n\n\n\n<p><strong>5. Produktveredler<\/strong><\/p>\n\n\n\n<p>Unsere Produktveredler arbeiten in den Bereichen F\u00e4rberei und Textilausr\u00fcstung. Sie richten verschiedene Maschinen und Anlagen ein (wie z.B. einen Spannrahmen), r\u00fcsten sie aus und kontrollieren die Veredlungsprozesse.<br>Um den reibungslosen Produktionsablauf zu gew\u00e4hrleisten, warten sie die Maschinen und Anlagen und beheben kleinere St\u00f6rungen selbst\u00e4ndig.<br>Sie stellen Farbl\u00f6sungen bereit bzw. setzen sie an und f\u00e4rben die textile Fl\u00e4che ein. Hierf\u00fcr f\u00fchren sie Ansatz- und Rezepturberechnungen durch und pr\u00fcfen und optimieren unsere Rezepte.<br>Um eine optimale Warenqualit\u00e4t zu erreichen, nehmen Produktveredler Qualit\u00e4tskontrollen vor und pr\u00fcfen Textilien z.B. auf gleichm\u00e4\u00dfige Beschichtung, Verschmutzungen, Risse oder Falten. Die Pr\u00fcfung erfolgt anhand von technischen Datenbl\u00e4ttern. Dabei spielen zum Beispiel die Dehnung und das Gewicht eine wichtige Rolle.<br><br>Die Aufgaben im \u00dcberblick:<\/p>\n\n\n\n<ul class=\"wp-block-list\">\n<li>Maschinen passend auf Stoffe einstellen<\/li>\n\n\n\n<li>Textilien einf\u00e4rben<\/li>\n\n\n\n<li>Pr\u00fcfung der Farbe der Textilien<\/li>\n\n\n\n<li>Pr\u00fcfung der technischen Daten der Textilien<\/li>\n\n\n\n<li>Partien auf die Weiterbearbeitung vorbereiten<\/li>\n<\/ul>\n\n\n\n<p>Folgendes solltest Du au\u00dferdem mitbringen:<\/p>\n\n\n\n<ul class=\"wp-block-list\">\n<li>Mind. einen guten Hauptschulabschluss<\/li>\n\n\n\n<li>Ausgepr\u00e4gtes technisches Verst\u00e4ndnis<\/li>\n\n\n\n<li>Gute Kenntnisse in Physik, Chemie und Mathematik<\/li>\n\n\n\n<li>Verantwortungsbewusstsein<\/li>\n\n\n\n<li>F\u00e4higkeit zum selbst\u00e4ndigen Arbeiten<\/li>\n\n\n\n<li>Kommunikationsf\u00e4higkeit<\/li>\n\n\n\n<li>K\u00f6rperliche Fitness<\/li>\n<\/ul>\n\n\n\n<p>Ausbildungsdauer: 3 Jahre<br>Berufsschule: Schopfheim \u2013 Blockunterricht<\/p>\n\n\n\n<p><strong>6. Facharbeiter Lagerlogistik<\/strong><\/p>\n\n\n\n<p>Facharbeiter Lagerlogistik:<\/p>\n\n\n\n<p>Fachkr\u00e4fte f\u00fcr Lagerlogistik &nbsp;arbeiten im Bereich der logistischen Planung, Steuerung und Organisation des Warenflusses. Sie gestalten Teilprozesse der Warenbewegungen bzw. des Warenumschlags in gro\u00dfen Lagern oder Industriebetrieben. Im Bereich Transportlogistik \u00fcbernehmen Fachkr\u00e4fte f\u00fcr Lagerlogistik auch die Tourenplanung bzw. die Lkw-Disposition oder auch die Zollabwicklung. Zu ihren Aufgaben geh\u00f6ren auch Aufgaben des klassischen Fachlageristen, wie unter anderem G\u00fcter anzunehmen, zu kommissionieren, zu verladen, zu verstauen, G\u00fcter mit Flurf\u00f6rderfahrzeugen zu transportieren und zu verpacken. Die Bedienung eines Hallenkrans kann je nach G\u00fcterart ebenfalls zum Arbeitsgebiet geh\u00f6ren.<\/p>\n\n\n\n<p>Deine Aufgabe:<\/p>\n\n\n\n<ul class=\"wp-block-list\">\n<li>Be- &amp; Entladung der LKW\u00b4s<\/li>\n\n\n\n<li>Ein- und Auslagerung in einem Hochregal-Lagersystem mit moderner Technik<\/li>\n\n\n\n<li>Verpacken verschiedener Artikel nach Vorgabe<\/li>\n\n\n\n<li>Kommissionieren von Kundenauftr\u00e4gen mittels Scanner<\/li>\n\n\n\n<li>Anbringen von Frachtpapieren und Warenanh\u00e4ngern<\/li>\n\n\n\n<li>Innerbetrieblicher Transport<\/li>\n\n\n\n<li>Durchf\u00fchrung von Inventuren<\/li>\n<\/ul>\n\n\n\n<p>Das solltest Du mitbringen:<\/p>\n\n\n\n<ul class=\"wp-block-list\">\n<li>Mindestens einen guten Hauptschulabschluss<\/li>\n\n\n\n<li>Logisches Denken und Konzentrationsf\u00e4higkeit<\/li>\n\n\n\n<li>Teamgeist und Verl\u00e4sslichkeit<\/li>\n\n\n\n<li>K\u00f6rperliche Belastbarkeit<\/li>\n<\/ul>\n\n\n\n<p>Ausbildungsbeginn: 01.Sep.<br>Ausbildungsdauer: &nbsp; &nbsp; 3 Jahre<br>Berufsschule: &nbsp; &nbsp; &nbsp; &nbsp; &nbsp; &nbsp; Reutlingen<\/p>\n\n\n\n<p><strong>7. Maschinen-und Anlagenf\u00fchrer<\/strong><\/p>\n\n\n\n<p>Maschinen- und Anlagenf\u00fchrer\/innen bereiten Arbeitsabl\u00e4ufe vor, \u00fcberpr\u00fcfen Maschinenfunktionen an Pr\u00fcfst\u00e4nden und nehmen Maschinen in Betrieb. Das k\u00f6nnen beispielsweise Werkzeug-, Textil-, Druckmaschinen oder Anlagen f\u00fcr die Nahrungs- und Genussmittelherstellung sein. Sie \u00fcberwachen den Produktionsprozess und steuern bzw. \u00fcberwachen den Materialfluss. Zudem inspizieren oder warten sie Maschinen in regelm\u00e4\u00dfigen Abst\u00e4nden, um deren Betriebsbereitschaft sicherzustellen. Sie f\u00fcllen beispielsweise \u00d6le oder K\u00fchl- und Schmierstoffe nach. Verschlei\u00dfteile wie Dichtungen, Filter oder Schl\u00e4uche tauschen sie aus.<\/p>\n\n\n\n<ul class=\"wp-block-list\">\n<li>Bedienung, Einrichtung, Umr\u00fcstung sowie \u00dcberwachung der Abf\u00fcll- und Verpackungsanlagen<\/li>\n\n\n\n<li>\u00dcberwachung der Produktionsabl\u00e4ufe, Vermeidung von Ausschuss- und Ausfallzeiten<\/li>\n\n\n\n<li>Herstellung der Produktionsmengen nach Produktionsplan und Produktspezifikation<\/li>\n\n\n\n<li>Behebung von kleineren St\u00f6rungen<\/li>\n\n\n\n<li>Gew\u00e4hrleistung eines reibungslosen Produktionsablaufs<\/li>\n\n\n\n<li>Mitwirkung an der Optimierung des Prozesses hinsichtlich der Produktivit\u00e4t und Qualit\u00e4t<\/li>\n<\/ul>\n\n\n\n<p>Das solltest Du mitbringen:<\/p>\n\n\n\n<ul class=\"wp-block-list\">\n<li>Mindestens einen guten Hauptschulabschluss<\/li>\n\n\n\n<li>Beobachtungsgenauigkeit und Aufmerksamkeit<\/li>\n\n\n\n<li>Entscheidungsf\u00e4higkeit und Reaktionsgeschwindigkeit<\/li>\n\n\n\n<li>Technisches Verst\u00e4ndnis und handwerkliches Geschick<\/li>\n\n\n\n<li>Sorgfalt<\/li>\n<\/ul>\n\n\n\n<p>Ausbildungsbeginn: 01.Sep.<br>Ausbildungsdauer: &nbsp; &nbsp; 3 Jahre<br>Berufsschule: &nbsp; &nbsp; &nbsp; &nbsp; &nbsp; &nbsp; Balingen<\/p>\n\n\n\n<p><strong>8. Werkstudenten:<\/strong><\/p>\n\n\n\n<p>M\u00f6chtest Du neben deinem Studium noch Praxiserfahrung sammeln? Dann bist Du bei uns genau richtig.<br><br>Bei uns ist es in unterschiedlichen Abteilungen m\u00f6glich einer Werkstudentent\u00e4tigkeit nachzugehen. Es warten immer spannende Aufgaben auf Dich.<\/p>\n","protected":false},"excerpt":{"rendered":"<p>1. Industriekaufleute Die Industriekaufleute befassen sich im Unternehmen mit ann\u00e4hernd allen Bereichen. Hierzu z\u00e4hlen unter anderem die Abteilungen Einkauf, Verkauf, Buchhaltung und das Personalwesen. Des Weiteren ist man bei der Gerhard R\u00f6sch GmbH, unabh\u00e4ngig von den speziellen kaufm\u00e4nnischen Abteilungen, auch in anderen Abteilungen gefordert. Deine Aufgaben: Ausbildungsbeginn: 01.Sep.Ausbildungsdauer: &nbsp; &nbsp; 3 JahreBerufsschule: &nbsp; &nbsp; &nbsp;&hellip; <br \/> <a class=\"read-more\" href=\"https:\/\/test.ausbildung-tuebingen.de\/?page_id=41\">Weiterlesen<\/a><\/p>\n","protected":false},"author":6,"featured_media":0,"parent":0,"menu_order":0,"comment_status":"closed","ping_status":"closed","template":"","meta":{"footnotes":""},"class_list":["post-41","page","type-page","status-publish","hentry"],"_links":{"self":[{"href":"https:\/\/test.ausbildung-tuebingen.de\/index.php?rest_route=\/wp\/v2\/pages\/41","targetHints":{"allow":["GET"]}}],"collection":[{"href":"https:\/\/test.ausbildung-tuebingen.de\/index.php?rest_route=\/wp\/v2\/pages"}],"about":[{"href":"https:\/\/test.ausbildung-tuebingen.de\/index.php?rest_route=\/wp\/v2\/types\/page"}],"author":[{"embeddable":true,"href":"https:\/\/test.ausbildung-tuebingen.de\/index.php?rest_route=\/wp\/v2\/users\/6"}],"replies":[{"embeddable":true,"href":"https:\/\/test.ausbildung-tuebingen.de\/index.php?rest_route=%2Fwp%2Fv2%2Fcomments&post=41"}],"version-history":[{"count":35,"href":"https:\/\/test.ausbildung-tuebingen.de\/index.php?rest_route=\/wp\/v2\/pages\/41\/revisions"}],"predecessor-version":[{"id":538,"href":"https:\/\/test.ausbildung-tuebingen.de\/index.php?rest_route=\/wp\/v2\/pages\/41\/revisions\/538"}],"wp:attachment":[{"href":"https:\/\/test.ausbildung-tuebingen.de\/index.php?rest_route=%2Fwp%2Fv2%2Fmedia&parent=41"}],"curies":[{"name":"wp","href":"https:\/\/api.w.org\/{rel}","templated":true}]}}